{"id":24,"date":"2026-02-10T22:20:33","date_gmt":"2026-02-10T21:20:33","guid":{"rendered":"https:\/\/www.baanfhathai-massage.de\/?page_id=24"},"modified":"2026-02-17T19:24:19","modified_gmt":"2026-02-17T18:24:19","slug":"impressum","status":"publish","type":"page","link":"https:\/\/www.baanfhathai-massage.de\/?page_id=24","title":{"rendered":"Impressum"},"content":{"rendered":"\n<p><strong>Unsere Besuchsadresse:<\/strong><br>Baan Fha Thai-Massage<br>Richard-Wagner-Stra\u00dfe 1<br>66111 Saarbr\u00fccken<\/p>\n\n\n\n<p><strong>Inhaberin: <\/strong>\u00a0Tiwawan Thome<\/p>\n\n\n\n<p><strong>Unsere Kontaktdaten:<\/strong><br>Tel.:\u00a0<a href=\"tel:+4968191023395\">0681\/910 233 95<\/a><\/p>\n\n\n\n<p><strong>Unsere Web-Adresse lautet:<\/strong>\u00a0<a href=\"https:\/\/www.chat-gaeo-two.de\/\">https:\/\/BaanFhaThai-Massage.de<\/a><\/p>\n\n\n\n<p><strong>Bildmaterial:<\/strong><br>Freep!k Premium<\/p>\n\n\n\n<p><strong>Online-Streitbeilegung-Website der EU-Kommission<\/strong><br>Um Verbrauchern und Unternehmern eine au\u00dfergerichtliche Beilegung von Streitigkeiten zu erm\u00f6glichen, hat die Europ\u00e4ische Kommission die Website zur Online-Streitbeilegung entwickelt:&nbsp;<a href=\"https:\/\/ec.europa.eu\/consumers\/odr\/main\/index.cfm?event=main.home.chooseLanguage\">www.ec.europa.eu\/consumers\/odr<\/a><\/p>\n\n\n\n<p><strong>Haftungsausschluss<\/strong><br>Die Inhalte dieser Seiten wurden mit gr\u00f6\u00dftm\u00f6glicher Sorgfalt erstellt. F\u00fcr die Aktualit\u00e4t und Vollst\u00e4ndigkeit der Informationen k\u00f6nnen wir jedoch keine Gew\u00e4hr \u00fcbernehmen.<\/p>\n\n\n\n<p>Unsere Website enth\u00e4lt Links zu externen Websites. Da sich die Inhalte dieser fremden Websites unserer Kontrolle entziehen, k\u00f6nnen wir daf\u00fcr keine Haftung \u00fcbernehmen. F\u00fcr die Inhalte der verlinkten Seiten ist stets der jeweilige Anbieter oder Betreiber der Seiten verantwortlich.<\/p>\n\n\n\n<p><strong>Datenschutz<\/strong><br>Beim Besuch der Website von Chat Gaeo Two werden grunds\u00e4tzlich keine personenbezogenen Daten gespeichert. Diese Daten k\u00f6nnen jedoch freiwillig angegeben werden. Ohne Ihre Einwilligung werden keine Daten an Dritte weitergegeben. Wir weisen darauf hin, dass bei der ungesicherten Daten\u00fcbertragung im Internet (2.B. per E-Mail) die Sicherheit nicht gew\u00e4hrleistet werden kann. Diese Daten k\u00f6nnten m\u00f6glicherweise von Dritten eingesehen werden.<\/p>\n\n\n\n<p><strong>Google Analytics<\/strong><br>Diese Website benutzt Google Analytics, einen Webanalysedienst der Google Inc. (\u00bbGoogle\u00ab). Google Analytics verwendet Cookies, und Textdateien, die auf Ihrem Computer gespeichert werden und die der Website helfen, die Nutzung der Website durch die Benutzer zu analysieren. Die durch Cookies erzeugte Information \u00fcber Ihre Benutzung dieser Website (einschlie\u00dflich Ihrer IP-Adresse) wird an einen Server von Google in den USA \u00fcbertragen und dort gespeichert. Im Falle der Aktivierung der IP-Anonymisierung wird Google das letzte Oktett der IP-Adresse f\u00fcr Mitgliedstaaten der Europ\u00e4ischen Union sowie f\u00fcr andere Vertragsstaaten des Abkommens \u00fcber den Europ\u00e4ischen Wirtschaftsraum k\u00fcrzen\/anonymisieren. Nur in Ausnahmef\u00e4llen wird die volle IP-Adresse an einen Server von Google in den USA \u00fcbertragen und dort gek\u00fcrzt. Im Auftrag des Website-Providers wird Google diese Informationen benutzen, um Ihre Nutzung der Website auszuwerten. Zusammenzustellen von Berichten \u00fcber die Websiteaktivit\u00e4ten f\u00fcr Websitebetreiber und Erbringung weitere Dienstleistungen in Bezug auf die Websiteaktivit\u00e4ten und die Internetnutzung gegen\u00fcber dem Websitebetreiber. Google wird Ihre IP-Adresse nicht mit anderen Daten von Google zusammenf\u00fchren. Durch die Nutzung dieser Website erkl\u00e4ren Sie sich mit der Bearbeitung der \u00fcber Sie erhobenen Daten durch Google in der zuvor beschriebenen Art und Weise und zu dem zuvor benannten Zweck einverstanden.<\/p>\n\n\n\n<p><strong>So verhindern Sie die Verfolgung durch Google Analytics<\/strong><br>Sie k\u00f6nnen die Verwendung von Cookies ablehnen, indem Sie die entsprechenden Einstellungen in Ihrem Browser ausw\u00e4hlen. Wir weisen Sie jedoch darauf hin, dass Sie in diesem Fall gegebenenfalls nicht s\u00e4mtliche Funktionen dieser Website vollumf\u00e4nglich nutzen k\u00f6nnen.<br>Dar\u00fcber hinaus k\u00f6nnen Sie die Erfassung und Nutzung der Daten (Cookies und IP-Adresse) durch Google verhindern, indem Sie das unter&nbsp;<a href=\"https:\/\/tools.google.com\/dlpage\/gaoptout?hl=de\">https:\/\/tools.google.com\/dlpage\/gaoptout?hl=de<\/a>&nbsp;verf\u00fcgbare Browser-Plugin herunterladen und installieren.[Source:&nbsp;<a href=\"https:\/\/language-boutique.com\/lost-in-translation-full-reader\/impressum-or-imprint.html#template\">Language-Boutique.com\/Sample-Impressum<\/a>]<\/p>\n\n\n\n<h5 class=\"wp-block-heading\">ADRESSE<\/h5>\n\n\n\n<p>Baab Fha Thai-Massage<br>Richard-Wagner-Stra\u00dfe 1<br>66111 Saarbr\u00fccken<\/p>\n\n\n\n<h5 class=\"wp-block-heading\">KONTAKT<\/h5>\n\n\n\n<p>Tel: 0681\/910 233 95<br>Handy: 01520 963 9981 auch fur WhatsApp und Telegram<\/p>\n\n\n\n<h5 class=\"wp-block-heading\">\u00d6FFNINGSZEITEN<\/h5>\n\n\n\n<p>Mo-Sa: 10:00 &#8211; 20:00 Uhr<br>So: 13:00 &#8211; 18:00 Uhr<br>Termin nach Vereinbarung<\/p>\n\n\n\n<p>\u00a9 2026 Baan Fha Thai-Massage, Richard-Wagner-Stra\u00dfe 1, 66111 Saarbr\u00fccken<\/p>\n","protected":false},"excerpt":{"rendered":"<p>Unsere Besuchsadresse:Baan Fha Thai-MassageRichard-Wagner-Stra\u00dfe 166111 Saarbr\u00fccken Inhaberin: \u00a0Tiwawan Thome Unsere Kontaktdaten:Tel.:\u00a00681\/910 233 95 Unsere Web-Adresse lautet:\u00a0https:\/\/BaanFhaThai-Massage.de Bildmaterial:Freep!k Premium Online-Streitbeilegung-Website der [&hellip;]<\/p>\n","protected":false},"author":1,"featured_media":0,"parent":0,"menu_order":0,"comment_status":"closed","ping_status":"closed","template":"","meta":{"site-sidebar-layout":"default","site-content-layout":"","ast-site-content-layout":"default","site-content-style":"default","site-sidebar-style":"default","ast-global-header-display":"","ast-banner-title-visibility":"","ast-main-header-display":"","ast-hfb-above-header-display":"","ast-hfb-below-header-display":"","ast-hfb-mobile-header-display":"","site-post-title":"","ast-breadcrumbs-content":"","ast-featured-img":"","footer-sml-layout":"","ast-disable-related-posts":"","theme-transparent-header-meta":"","adv-header-id-meta":"","stick-header-meta":"","header-above-stick-meta":"","header-main-stick-meta":"","header-below-stick-meta":"","astra-migrate-meta-layouts":"default","ast-page-background-enabled":"default","ast-page-background-meta":{"desktop":{"background-color":"var(--ast-global-color-5)","background-image":"","background-repeat":"repeat","background-position":"center center","background-size":"auto","background-attachment":"scroll","background-type":"","background-media":"","overlay-type":"","overlay-color":"","overlay-opacity":"","overlay-gradient":""},"tablet":{"background-color":"","background-image":"","background-repeat":"repeat","background-position":"center center","background-size":"auto","background-attachment":"scroll","background-type":"","background-media":"","overlay-type":"","overlay-color":"","overlay-opacity":"","overlay-gradient":""},"mobile":{"background-color":"","background-image":"","background-repeat":"repeat","background-position":"center center","background-size":"auto","background-attachment":"scroll","background-type":"","background-media":"","overlay-type":"","overlay-color":"","overlay-opacity":"","overlay-gradient":""}},"ast-content-background-meta":{"desktop":{"background-color":"var(--ast-global-color-4)","background-image":"","background-repeat":"repeat","background-position":"center center","background-size":"auto","background-attachment":"scroll","background-type":"","background-media":"","overlay-type":"","overlay-color":"","overlay-opacity":"","overlay-gradient":""},"tablet":{"background-color":"var(--ast-global-color-4)","background-image":"","background-repeat":"repeat","background-position":"center center","background-size":"auto","background-attachment":"scroll","background-type":"","background-media":"","overlay-type":"","overlay-color":"","overlay-opacity":"","overlay-gradient":""},"mobile":{"background-color":"var(--ast-global-color-4)","background-image":"","background-repeat":"repeat","background-position":"center center","background-size":"auto","background-attachment":"scroll","background-type":"","background-media":"","overlay-type":"","overlay-color":"","overlay-opacity":"","overlay-gradient":""}},"footnotes":""},"class_list":["post-24","page","type-page","status-publish","hentry"],"_links":{"self":[{"href":"https:\/\/www.baanfhathai-massage.de\/index.php?rest_route=\/wp\/v2\/pages\/24","targetHints":{"allow":["GET"]}}],"collection":[{"href":"https:\/\/www.baanfhathai-massage.de\/index.php?rest_route=\/wp\/v2\/pages"}],"about":[{"href":"https:\/\/www.baanfhathai-massage.de\/index.php?rest_route=\/wp\/v2\/types\/page"}],"author":[{"embeddable":true,"href":"https:\/\/www.baanfhathai-massage.de\/index.php?rest_route=\/wp\/v2\/users\/1"}],"replies":[{"embeddable":true,"href":"https:\/\/www.baanfhathai-massage.de\/index.php?rest_route=%2Fwp%2Fv2%2Fcomments&post=24"}],"version-history":[{"count":2,"href":"https:\/\/www.baanfhathai-massage.de\/index.php?rest_route=\/wp\/v2\/pages\/24\/revisions"}],"predecessor-version":[{"id":68,"href":"https:\/\/www.baanfhathai-massage.de\/index.php?rest_route=\/wp\/v2\/pages\/24\/revisions\/68"}],"wp:attachment":[{"href":"https:\/\/www.baanfhathai-massage.de\/index.php?rest_route=%2Fwp%2Fv2%2Fmedia&parent=24"}],"curies":[{"name":"wp","href":"https:\/\/api.w.org\/{rel}","templated":true}]}}