{"id":22,"date":"2026-02-10T22:20:07","date_gmt":"2026-02-10T21:20:07","guid":{"rendered":"https:\/\/www.baanfhathai-massage.de\/?page_id=22"},"modified":"2026-02-20T13:19:19","modified_gmt":"2026-02-20T12:19:19","slug":"datenschutz","status":"publish","type":"page","link":"https:\/\/www.baanfhathai-massage.de\/?page_id=22","title":{"rendered":"Datenschutz"},"content":{"rendered":"\t\t<div data-elementor-type=\"wp-page\" data-elementor-id=\"22\" class=\"elementor elementor-22\">\n\t\t\t\t<div class=\"elementor-element elementor-element-14b940af e-flex e-con-boxed e-con e-parent\" data-id=\"14b940af\" data-element_type=\"container\" data-e-type=\"container\">\n\t\t\t\t\t<div class=\"e-con-inner\">\n\t\t\t\t<div class=\"elementor-element elementor-element-6e7ebdcd elementor-widget elementor-widget-text-editor\" data-id=\"6e7ebdcd\" data-element_type=\"widget\" data-e-type=\"widget\" data-widget_type=\"text-editor.default\">\n\t\t\t\t\t\t\t\t\t\n<h2 class=\"wp-block-heading\">Wer wir sind<\/h2>\n\n<p><strong>Unsere Besuchsadresse:<\/strong><br \/>Baan Fha Thai-Massage<br \/>Richard-Wagner-Stra\u00dfe 1<br \/>66111 Saarbr\u00fccken<\/p>\n\n<p><strong>Inhaberin: Tiwawan Thome<\/strong>\u00a0<\/p>\n\n<p><strong>Unsere Kontaktdaten:<\/strong><br \/>Tel.:\u00a0<a href=\"tel:+4968191023395\">0681\/910 233 95<\/a><\/p>\n\n<p><strong>Unsere Web-Adresse lautet:<\/strong>\u00a0<a href=\"https:\/\/www.chat-gaeo-two.de\/\">https:\/\/www.BaanFhaThai-Massage.de<\/a><\/p>\n\n<h2 class=\"wp-block-heading\">Welche personenbezogenen Daten wir erheben und warum wir sie erheben<\/h2>\n\n<p class=\"has-vivid-purple-background-color has-background\">Diese Seite wird verwendet, um Website-Besucher \u00fcber unsere Richtlinien zur Erhebung, Verwendung und Weitergabe personenbezogener Daten zu informieren, falls sich jemand f\u00fcr die Nutzung unseres Dienstes, der Website\u00a0<a href=\"https:\/\/www.BaanFhaThai-Massage.de\">https:\/\/www.BaanFhaThai-Massage.de<\/a>\u00a0entschieden hat. Wenn Sie sich f\u00fcr die Nutzung unseres Dienstes entscheiden, stimmen Sie der Erfassung und Verwendung von Informationen in Bezug auf diese Richtlinie zu. Die von uns erfassten, personenbezogenen Daten werden zur Bereitstellung und Verbesserung des Dienstes verwendet. Wir werden Ihre Informationen nicht verwenden oder an Dritte weitergeben, au\u00dfer wie in dieser Datenschutzrichtlinie beschrieben.<\/p>\n\n<h3 class=\"wp-block-heading\">Informationssammlung und -nutzung<\/h3>\n\n<p>F\u00fcr eine bessere Erfahrung bei der Nutzung unseres Dienstes k\u00f6nnen wir von Ihnen verlangen, dass Sie uns bestimmte personenbezogene Daten zur Verf\u00fcgung stellen, einschlie\u00dflich, aber nicht beschr\u00e4nkt auf Ihren Namen, Ihre Telefonnummer und Ihre E-Mail-Adresse. Die von uns gesammelten Informationen werden verwendet, um Sie zu kontaktieren oder zu identifizieren.<\/p>\n\n<h3 class=\"wp-block-heading\">Kontakt Formular<\/h3>\n\n<p>Die \u00fcber unser Kontaktformular angegebenen personenbezogenen Daten werden nur verwendet, um mit uns in Kontakt zu treten. Diese personenbezogenen Daten werden nur verwendet, um die betroffene Person zu identifizieren und zu kontaktieren. Diese Informationen d\u00fcrfen von uns maximal 1 Monat gespeichert werden. Bitte gegeben? haben kontaktieren Sie uns, damit wir diese entfernen k\u00f6nnen.<\/p>\n\n<h3 class=\"wp-block-heading\">Logdaten<\/h3>\n\n<p>Wir weisen Sie darauf hin, dass wir bei jedem Besuch unseres Dienstes Informationen erfassen, die Ihr Browser an uns \u00fcbermittelt, sogenannte Protokolldaten. Diese Protokolldaten k\u00f6nnen Informationen wie die Internet Protocol (\u201cIP\u201d)-Adresse Ihres Computers, die Browserversion, die von Ihnen besuchten Seiten unseres Dienstes, die Uhrzeit und das Datum Ihres Besuchs, die auf diesen Seiten verbrachte Zeit und andere Statistiken enthalten.<\/p>\n\n<h3 class=\"wp-block-heading\">Cookies<\/h3>\n\n<p>Cookies sind Dateien mit kleinen Datenmengen, die \u00fcblicherweise als anonyme eindeutige Kennung verwendet werden. Diese werden von der von Ihnen besuchten Website an Ihren Browser gesendet und auf der Festplatte Ihres Computers gespeichert. Unsere Cookies verbessern den Zugriff auf unsere Website und identifizieren wiederkehrende Besucher. Dar\u00fcber hinaus verbessern unsere Cookies die Benutzererfahrung, indem sie die Interessen des Benutzers verfolgen und gezielt ansprechen. Unsere Verwendung von Cookies ist im Allgemeinen nicht mit personenbezogenen Daten auf unserer Website verkn\u00fcpft.<\/p>\n\n<p><strong>Cookie-Informationen<\/strong>\u00a0Ein Cookie ist eine kleine Textdatei, die von unserem Webserver gesendet und von Ihrem Browser gespeichert wird. Es gibt zwei Arten von Cookies, \u201enormale\u201c Cookies und Sitzungscookies. Sitzungscookies verschwinden, wenn Sie Ihren Browser schlie\u00dfen und werden nicht gespeichert, w\u00e4hrend regul\u00e4re Cookies f\u00fcr l\u00e4ngere Zeit auf Ihrem Computer gespeichert bleiben. Weitere Informationen zum\u00a0<a href=\"http:\/\/files.investis.com\/info\/disabling-cookies.html\">disabling cookies<\/a>\u00a0und zu den geltenden Gesetzen finden Sie unter:<a href=\"https:\/\/www.aboutcookies.org\/\">\u00a0www.aboutcookies.org<\/a><\/p>\n\n<h3 class=\"wp-block-heading\">Links zu anderen websites<\/h3>\n\n<p>Unser Service kann Links zu anderen Websites enthalten. Wenn Sie auf einen Link eines Drittanbieters klicken, werden Sie zu dieser Seite weitergeleitet. Beachten Sie, dass diese externen Seiten nicht von uns betrieben werden. Daher empfehlen wir Ihnen dringend, die Datenschutzrichtlinien dieser Websites zu lesen. Wir haben keine Kontrolle dar\u00fcber und \u00fcbernehmen keine Verantwortung f\u00fcr den Inhalt, die Datenschutzrichtlinien oder Praktiken von Websites oder Diensten von Drittanbietern.<\/p>\n\n<h3 class=\"wp-block-heading\">Eingebettete Inhalte von anderen Websites<\/h3>\n\n<p>Artikel auf dieser Seite k\u00f6nnen eingebettete Inhalte (2. B. Videos, Bilder, Artikel usw.) enthalten. Eingebettete Inhalte von anderen Websites verhalten sich genau so, als ob der Besucher die andere Website besucht h\u00e4tte. Diese Websites k\u00f6nnen Daten \u00fcber Sie sammeln, Cookies verwenden, zus\u00e4tzliches Tracking von Drittanbietern einbetten und Ihre Interaktion mit diesem eingebetteten Inhalt \u00fcberwachen, einschlie\u00dflich der Verfolgung Ihrer Interaktion mit dem eingebetteten Inhalt, wenn Sie ein Konto haben und auf dieser Website angemeldet sind.<\/p>\n\n<h3 class=\"wp-block-heading\">YouTube-Videos\/Music<\/h3>\n\n<p>Wir verwenden Links wie YouTube, um Videos oder Musik auf der Website anzuzeigen. Sie k\u00f6nnen auf einen externen Link weitergeleitet werden, wenn Sie auf den Video- oder Musikplayer klicken. Sie haben andere Richtlinien zum Speichern von Benutzerdaten. Lesen Sie Ihre Richtlinien, wenn Sie mehr wissen m\u00f6chten.<\/p>\n\n<h2 class=\"wp-block-heading\">Mit wem wir Ihre Daten teilen<\/h2>\n\n<h3 class=\"wp-block-heading\">Sicherheit<\/h3>\n\n<p>Wir sch\u00e4tzen Ihr Vertrauen in die Bereitstellung Ihrer personenbezogenen Daten und bem\u00fchen uns daher, kommerziell akzeptable Mittel zu deren Schutz zu verwenden. Denken Sie jedoch daran, dass keine Methode der \u00dcbertragung \u00fcber das Internet oder der elektronischen Speicherung 100% sicher und zuverl\u00e4ssig ist und wir Ihre absolute Sicherheit nicht garantieren k\u00f6nnen.<\/p>\n\n<h3 class=\"wp-block-heading\">Dritte<\/h3>\n\n<p>Wir verkaufen, handeln oder \u00fcbertragen anderweitig nicht personenbezogene Daten an Dritte.<\/p>\n\n<h3 class=\"wp-block-heading\">Zusatzleistungen<\/h3>\n\n<p>Wir k\u00f6nnen andere Dienstleistungen nutzen, die auf unserer Website auftreten k\u00f6nnen, bei denen die Zahlung von Waren oder die Reservierung von Dienstleistungen erfolgen kann. Die Informationen werden daher mit dieser Partei geteilt. Ihr einziger Zweck besteht jedoch darin, dem Kunden die Nutzung des Dienstes zu erm\u00f6glichen. Lesen Sie mehr auf Ihrer Seite, um Ihre Datenschutzrichtlinie zu \u00fcberpr\u00fcfen.<\/p>\n\n<h3 class=\"wp-block-heading\">(Setmore) Buchung<\/h3>\n\n<p>F\u00fcr die Online-Buchung verwenden wir die Erweiterung setmore. Sie werden zu einem externen Link weitergeleitet oder wenn die Erweiterung auf unserer Seite eingebettet ist, m\u00fcssen Sie dort Ihre pers\u00f6nlichen Daten eingeben, um die Buchung abzuschlie\u00dfen. Es k\u00f6nnen Angaben wie Name, Adresse, E-Mail und weitere Angaben erforderlich sein, um mit Ihnen in Kontakt treten zu k\u00f6nnen. Bitte lesen Sie deren Richtlinien, um mehr dar\u00fcber zu erfahren, wie Ihre Daten verarbeitet werden.<\/p>\n\n<h3 class=\"wp-block-heading\">\u00c4nderungen an dieser Datenschutzrichtlinie<\/h3>\n\n<p>Wir k\u00f6nnen unsere Datenschutzrichtlinie von Zeit zu Zeit aktualisieren. Daher empfehlen wir Ihnen, diese Seite regelm\u00e4\u00dfig auf \u00c4nderungen zu \u00fcberpr\u00fcfen. Wir werden Sie \u00fcber alle \u00c4nderungen informieren, indem wir die neue Datenschutzrichtlinie auf dieser Seite ver\u00f6ffentlichen. Diese \u00c4nderungen treten sofort in Kraft, nachdem sie auf dieser Seite ver\u00f6ffentlicht wurden.<\/p>\n\n<h2 class=\"wp-block-heading\">Zustimmung<\/h2>\n\n<p>Durch die Nutzung unserer Seite stimmen Sie unserer Datenschutzerkl\u00e4rung zu.<\/p>\n\n<p><strong>Zuletzt aktualisiert: 17.02.2026<\/strong><\/p>\n\n<p>\u00a0<\/p>\n\t\t\t\t\t\t\t\t<\/div>\n\t\t\t\t\t<\/div>\n\t\t\t\t<\/div>\n\t\t\t\t<\/div>\n\t\t","protected":false},"excerpt":{"rendered":"<p>Wer wir sind Unsere Besuchsadresse:Baan Fha Thai-MassageRichard-Wagner-Stra\u00dfe 166111 Saarbr\u00fccken Inhaberin: Tiwawan Thome\u00a0 Unsere Kontaktdaten:Tel.:\u00a00681\/910 233 95 Unsere Web-Adresse lautet:\u00a0https:\/\/www.BaanFhaThai-Massage.de Welche [&hellip;]<\/p>\n","protected":false},"author":1,"featured_media":0,"parent":0,"menu_order":0,"comment_status":"closed","ping_status":"closed","template":"","meta":{"site-sidebar-layout":"default","site-content-layout":"","ast-site-content-layout":"default","site-content-style":"default","site-sidebar-style":"default","ast-global-header-display":"","ast-banner-title-visibility":"","ast-main-header-display":"","ast-hfb-above-header-display":"","ast-hfb-below-header-display":"","ast-hfb-mobile-header-display":"","site-post-title":"","ast-breadcrumbs-content":"","ast-featured-img":"","footer-sml-layout":"","ast-disable-related-posts":"","theme-transparent-header-meta":"","adv-header-id-meta":"","stick-header-meta":"","header-above-stick-meta":"","header-main-stick-meta":"","header-below-stick-meta":"","astra-migrate-meta-layouts":"default","ast-page-background-enabled":"default","ast-page-background-meta":{"desktop":{"background-color":"var(--ast-global-color-5)","background-image":"","background-repeat":"repeat","background-position":"center center","background-size":"auto","background-attachment":"scroll","background-type":"","background-media":"","overlay-type":"","overlay-color":"","overlay-opacity":"","overlay-gradient":""},"tablet":{"background-color":"","background-image":"","background-repeat":"repeat","background-position":"center center","background-size":"auto","background-attachment":"scroll","background-type":"","background-media":"","overlay-type":"","overlay-color":"","overlay-opacity":"","overlay-gradient":""},"mobile":{"background-color":"","background-image":"","background-repeat":"repeat","background-position":"center center","background-size":"auto","background-attachment":"scroll","background-type":"","background-media":"","overlay-type":"","overlay-color":"","overlay-opacity":"","overlay-gradient":""}},"ast-content-background-meta":{"desktop":{"background-color":"var(--ast-global-color-4)","background-image":"","background-repeat":"repeat","background-position":"center center","background-size":"auto","background-attachment":"scroll","background-type":"","background-media":"","overlay-type":"","overlay-color":"","overlay-opacity":"","overlay-gradient":""},"tablet":{"background-color":"var(--ast-global-color-4)","background-image":"","background-repeat":"repeat","background-position":"center center","background-size":"auto","background-attachment":"scroll","background-type":"","background-media":"","overlay-type":"","overlay-color":"","overlay-opacity":"","overlay-gradient":""},"mobile":{"background-color":"var(--ast-global-color-4)","background-image":"","background-repeat":"repeat","background-position":"center center","background-size":"auto","background-attachment":"scroll","background-type":"","background-media":"","overlay-type":"","overlay-color":"","overlay-opacity":"","overlay-gradient":""}},"footnotes":""},"class_list":["post-22","page","type-page","status-publish","hentry"],"_links":{"self":[{"href":"https:\/\/www.baanfhathai-massage.de\/index.php?rest_route=\/wp\/v2\/pages\/22","targetHints":{"allow":["GET"]}}],"collection":[{"href":"https:\/\/www.baanfhathai-massage.de\/index.php?rest_route=\/wp\/v2\/pages"}],"about":[{"href":"https:\/\/www.baanfhathai-massage.de\/index.php?rest_route=\/wp\/v2\/types\/page"}],"author":[{"embeddable":true,"href":"https:\/\/www.baanfhathai-massage.de\/index.php?rest_route=\/wp\/v2\/users\/1"}],"replies":[{"embeddable":true,"href":"https:\/\/www.baanfhathai-massage.de\/index.php?rest_route=%2Fwp%2Fv2%2Fcomments&post=22"}],"version-history":[{"count":11,"href":"https:\/\/www.baanfhathai-massage.de\/index.php?rest_route=\/wp\/v2\/pages\/22\/revisions"}],"predecessor-version":[{"id":147,"href":"https:\/\/www.baanfhathai-massage.de\/index.php?rest_route=\/wp\/v2\/pages\/22\/revisions\/147"}],"wp:attachment":[{"href":"https:\/\/www.baanfhathai-massage.de\/index.php?rest_route=%2Fwp%2Fv2%2Fmedia&parent=22"}],"curies":[{"name":"wp","href":"https:\/\/api.w.org\/{rel}","templated":true}]}}