{"id":16,"date":"2026-02-10T22:19:26","date_gmt":"2026-02-10T21:19:26","guid":{"rendered":"https:\/\/www.baanfhathai-massage.de\/?page_id=16"},"modified":"2026-02-20T12:22:24","modified_gmt":"2026-02-20T11:22:24","slug":"gutschein","status":"publish","type":"page","link":"https:\/\/www.baanfhathai-massage.de\/?page_id=16","title":{"rendered":"Gutschein"},"content":{"rendered":"\t\t<div data-elementor-type=\"wp-page\" data-elementor-id=\"16\" class=\"elementor elementor-16\">\n\t\t\t\t<div class=\"elementor-element elementor-element-228861c1 e-flex e-con-boxed e-con e-parent\" data-id=\"228861c1\" data-element_type=\"container\" data-e-type=\"container\">\n\t\t\t\t\t<div class=\"e-con-inner\">\n\t\t\t\t<div class=\"elementor-element elementor-element-503fe53b elementor-widget elementor-widget-text-editor\" data-id=\"503fe53b\" data-element_type=\"widget\" data-e-type=\"widget\" data-widget_type=\"text-editor.default\">\n\t\t\t\t\t\t\t\t\t\n<div class=\"wp-block-media-text is-stacked-on-mobile\">\n<figure class=\"wp-block-media-text__media\"><img fetchpriority=\"high\" decoding=\"async\" width=\"1024\" height=\"476\" class=\"wp-image-63 size-full\" src=\"https:\/\/www.baanfhathai-massage.de\/wp-content\/uploads\/2026\/02\/Geschenkgutschein1-1024x476.jpg\" alt=\"\" srcset=\"https:\/\/www.baanfhathai-massage.de\/wp-content\/uploads\/2026\/02\/Geschenkgutschein1-1024x476.jpg 1024w, https:\/\/www.baanfhathai-massage.de\/wp-content\/uploads\/2026\/02\/Geschenkgutschein1-300x139.jpg 300w, https:\/\/www.baanfhathai-massage.de\/wp-content\/uploads\/2026\/02\/Geschenkgutschein1-768x357.jpg 768w, https:\/\/www.baanfhathai-massage.de\/wp-content\/uploads\/2026\/02\/Geschenkgutschein1-1536x714.jpg 1536w, https:\/\/www.baanfhathai-massage.de\/wp-content\/uploads\/2026\/02\/Geschenkgutschein1-2048x952.jpg 2048w\" sizes=\"(max-width: 1024px) 100vw, 1024px\" \/><\/figure>\n<div class=\"wp-block-media-text__content\">\n<p class=\"has-luminous-vivid-amber-color has-vivid-purple-background-color has-text-color has-background has-link-color has-medium-font-size wp-elements-1230f23bf1a87edfb80e91cc701ea937\">Verschenken Sie einen Gutschein und \u00fcberraschen Sie Ihre Liebsten &#8230;<\/p>\n<\/div>\n<\/div>\n\n<div class=\"wp-block-media-text is-stacked-on-mobile\">\n<figure class=\"wp-block-media-text__media\"><img decoding=\"async\" width=\"1024\" height=\"476\" class=\"wp-image-65 size-full\" src=\"https:\/\/www.baanfhathai-massage.de\/wp-content\/uploads\/2026\/02\/Geschenkgutschein2-1024x476.jpg\" alt=\"\" srcset=\"https:\/\/www.baanfhathai-massage.de\/wp-content\/uploads\/2026\/02\/Geschenkgutschein2-1024x476.jpg 1024w, https:\/\/www.baanfhathai-massage.de\/wp-content\/uploads\/2026\/02\/Geschenkgutschein2-300x139.jpg 300w, https:\/\/www.baanfhathai-massage.de\/wp-content\/uploads\/2026\/02\/Geschenkgutschein2-768x357.jpg 768w, https:\/\/www.baanfhathai-massage.de\/wp-content\/uploads\/2026\/02\/Geschenkgutschein2-1536x714.jpg 1536w, https:\/\/www.baanfhathai-massage.de\/wp-content\/uploads\/2026\/02\/Geschenkgutschein2-2048x952.jpg 2048w\" sizes=\"(max-width: 1024px) 100vw, 1024px\" \/><\/figure>\n<div class=\"wp-block-media-text__content\">\n<p class=\"has-medium-font-size\">&#8230; mit einen Geschenkgutschein f\u00fcr eine traditionelle thail\u00e4ndische Massage<\/p>\n<\/div>\n<\/div>\n\n<p>\u00a0<\/p>\n\t\t\t\t\t\t\t\t<\/div>\n\t\t\t\t\t<\/div>\n\t\t\t\t<\/div>\n\t\t<div class=\"elementor-element elementor-element-d8fd198 e-flex e-con-boxed e-con e-parent\" data-id=\"d8fd198\" data-element_type=\"container\" data-e-type=\"container\">\n\t\t\t\t\t<div class=\"e-con-inner\">\n\t\t\t\t<div class=\"elementor-element elementor-element-3a073f5 elementor-widget elementor-widget-spacer\" data-id=\"3a073f5\" data-element_type=\"widget\" data-e-type=\"widget\" data-widget_type=\"spacer.default\">\n\t\t\t\t\t\t\t<div class=\"elementor-spacer\">\n\t\t\t<div class=\"elementor-spacer-inner\"><\/div>\n\t\t<\/div>\n\t\t\t\t\t\t<\/div>\n\t\t\t\t\t<\/div>\n\t\t\t\t<\/div>\n\t\t\t\t<\/div>\n\t\t","protected":false},"excerpt":{"rendered":"<p>Verschenken Sie einen Gutschein und \u00fcberraschen Sie Ihre Liebsten &#8230; &#8230; mit einen Geschenkgutschein f\u00fcr eine traditionelle thail\u00e4ndische Massage \u00a0<\/p>\n","protected":false},"author":1,"featured_media":0,"parent":0,"menu_order":0,"comment_status":"closed","ping_status":"closed","template":"","meta":{"site-sidebar-layout":"default","site-content-layout":"","ast-site-content-layout":"default","site-content-style":"default","site-sidebar-style":"default","ast-global-header-display":"","ast-banner-title-visibility":"","ast-main-header-display":"","ast-hfb-above-header-display":"","ast-hfb-below-header-display":"","ast-hfb-mobile-header-display":"","site-post-title":"","ast-breadcrumbs-content":"","ast-featured-img":"","footer-sml-layout":"","ast-disable-related-posts":"","theme-transparent-header-meta":"","adv-header-id-meta":"","stick-header-meta":"","header-above-stick-meta":"","header-main-stick-meta":"","header-below-stick-meta":"","astra-migrate-meta-layouts":"default","ast-page-background-enabled":"default","ast-page-background-meta":{"desktop":{"background-color":"var(--ast-global-color-5)","background-image":"","background-repeat":"repeat","background-position":"center center","background-size":"auto","background-attachment":"scroll","background-type":"","background-media":"","overlay-type":"","overlay-color":"","overlay-opacity":"","overlay-gradient":""},"tablet":{"background-color":"","background-image":"","background-repeat":"repeat","background-position":"center center","background-size":"auto","background-attachment":"scroll","background-type":"","background-media":"","overlay-type":"","overlay-color":"","overlay-opacity":"","overlay-gradient":""},"mobile":{"background-color":"","background-image":"","background-repeat":"repeat","background-position":"center center","background-size":"auto","background-attachment":"scroll","background-type":"","background-media":"","overlay-type":"","overlay-color":"","overlay-opacity":"","overlay-gradient":""}},"ast-content-background-meta":{"desktop":{"background-color":"var(--ast-global-color-4)","background-image":"","background-repeat":"repeat","background-position":"center center","background-size":"auto","background-attachment":"scroll","background-type":"","background-media":"","overlay-type":"","overlay-color":"","overlay-opacity":"","overlay-gradient":""},"tablet":{"background-color":"var(--ast-global-color-4)","background-image":"","background-repeat":"repeat","background-position":"center center","background-size":"auto","background-attachment":"scroll","background-type":"","background-media":"","overlay-type":"","overlay-color":"","overlay-opacity":"","overlay-gradient":""},"mobile":{"background-color":"var(--ast-global-color-4)","background-image":"","background-repeat":"repeat","background-position":"center center","background-size":"auto","background-attachment":"scroll","background-type":"","background-media":"","overlay-type":"","overlay-color":"","overlay-opacity":"","overlay-gradient":""}},"footnotes":""},"class_list":["post-16","page","type-page","status-publish","hentry"],"_links":{"self":[{"href":"https:\/\/www.baanfhathai-massage.de\/index.php?rest_route=\/wp\/v2\/pages\/16","targetHints":{"allow":["GET"]}}],"collection":[{"href":"https:\/\/www.baanfhathai-massage.de\/index.php?rest_route=\/wp\/v2\/pages"}],"about":[{"href":"https:\/\/www.baanfhathai-massage.de\/index.php?rest_route=\/wp\/v2\/types\/page"}],"author":[{"embeddable":true,"href":"https:\/\/www.baanfhathai-massage.de\/index.php?rest_route=\/wp\/v2\/users\/1"}],"replies":[{"embeddable":true,"href":"https:\/\/www.baanfhathai-massage.de\/index.php?rest_route=%2Fwp%2Fv2%2Fcomments&post=16"}],"version-history":[{"count":14,"href":"https:\/\/www.baanfhathai-massage.de\/index.php?rest_route=\/wp\/v2\/pages\/16\/revisions"}],"predecessor-version":[{"id":143,"href":"https:\/\/www.baanfhathai-massage.de\/index.php?rest_route=\/wp\/v2\/pages\/16\/revisions\/143"}],"wp:attachment":[{"href":"https:\/\/www.baanfhathai-massage.de\/index.php?rest_route=%2Fwp%2Fv2%2Fmedia&parent=16"}],"curies":[{"name":"wp","href":"https:\/\/api.w.org\/{rel}","templated":true}]}}